{"id":286,"date":"2013-12-10T11:29:06","date_gmt":"2013-12-10T10:29:06","guid":{"rendered":"https:\/\/jkm.webkonzeption.info\/?page_id=286"},"modified":"2019-03-06T09:14:57","modified_gmt":"2019-03-06T08:14:57","slug":"der-simon-snopkowski-preis-2006-2012","status":"publish","type":"page","link":"https:\/\/juedischekulturmuenchen.de\/?page_id=286","title":{"rendered":"Der Simon-Snopkowski-Preis 2006 &#8211; 2018"},"content":{"rendered":"<p><strong>R\u00fcckblick und Fazit<\/strong><\/p>\n<p>Die Arbeiten, die von den Schulen eingereicht werden, sind oft Zeugnisse j\u00fcdischer Geschichte, die ohne die Sch\u00fclerinnen und Sch\u00fcler unwiederbringlich verloren gehen w\u00fcrden. Sie dokumentieren h\u00e4ufig die j\u00fcdische Geschichte des Heimatorts oder erforschen Schicksale ehemaliger j\u00fcdischer Mitsch\u00fcler bzw. Mitb\u00fcrger. Allen Projekten gemein ist die im Laufe der Arbeit wachsende Empathie der Sch\u00fcler mit j\u00fcdischen Schicksalen der Vergangenheit. Und eben dies ist der Punkt, an dem sich die Zielsetzung des Simon-Snopkowski-Preises erf\u00fcllt: Im pers\u00f6nlichen Erforschen der j\u00fcdischen Geschichte wird sie den Sch\u00fclern nachvollziehbar und das Judentum begreifbarer. Nicht zuletzt die Vielfalt der Preistr\u00e4gerschulen \u2013 vom privaten F\u00f6rderzentrum, \u00fcber die Grund-, Haupt- und Realschule bis hin zum Gymnasium \u2013 zeigt, wie breit gef\u00e4chert das Interesse junger Menschen am Judentum und der Geschichte der Juden tats\u00e4chlich ist.<br \/>\n<!--more--><br \/>\nBeeindruckend aber auch das Engagement von Erwachsenen-Forscherteams, wie das M\u00fcnchner Team um Projektleiterin Ilse Macek. Gegenstand deren ca. 700 Seiten umfassenden Dokumentation &#8222;ausgegrenzt &#8211; entrechtet &#8211; deportiert &#8211; Schwabing und Schwabinger Schicksale 1933 bis 1945&#8220; war die Erforschung des M\u00fcnchner Stadtteil Schwabings in der NS-Zeit. Die Gruppe erhielt daf\u00fcr den Simon-Snopkowski-Sonderpreis.<\/p>\n<p>R\u00fcckblickend auf die vergangenen sieben Preisverleihungen freut sich die Gesellschaft zur F\u00f6rderung j\u00fcdischer Kultur und Tradition e. V. ganz au\u00dferordentlich \u00fcber die vielen qualit\u00e4tvollen und tiefgreifenden Arbeiten, die aus ganz Bayern eingereicht wurden. Im Sinne zuk\u00fcnftiger Preisverleihungen hofft unsere Gesellschaft, dass sich dieser Trend fortsetzt.<\/p>\n<p><a href=\"https:\/\/juedischekulturmuenchen.de\/?p=2178\">Simon-Snopkowski-Preis 2018<\/a><br \/>\n<a href=\"https:\/\/juedischekulturmuenchen.de\/?p=1710\">Simon-Snopkowski-Preis 2016<\/a><br \/>\n<a href=\"https:\/\/juedischekulturmuenchen.de\/?p=1083\">Simon-Snopkowski-Preis 2014<\/a><br \/>\n<a title=\"Simon-Snopkowski-Preisverleihung 2012\" href=\"https:\/\/juedischekulturmuenchen.de\/?p=53\">Simon-Snopkowski-Preis 2012<\/a><br \/>\n<a title=\"Simon-Snopkowski-Preis 2010\" href=\"https:\/\/juedischekulturmuenchen.de\/?p=65\">Simon-Snopkowski-Preis 2010<\/a><br \/>\n<a title=\"Simon-Snopkowski-Preis 2008\" href=\"https:\/\/juedischekulturmuenchen.de\/?p=75\">Simon-Snopkowski-Preis 2008<\/a><br \/>\n<a title=\"Simon-Snopkowski-Preis 2006\" href=\"https:\/\/juedischekulturmuenchen.de\/?p=82\">Simon-Snopkowski-Preis 2006<\/a><\/p>\n","protected":false},"excerpt":{"rendered":"<p>R\u00fcckblick und Fazit Die Arbeiten, die von den Schulen eingereicht werden, sind oft Zeugnisse j\u00fcdischer Geschichte, die ohne die Sch\u00fclerinnen und Sch\u00fcler unwiederbringlich verloren gehen w\u00fcrden. Sie dokumentieren h\u00e4ufig die j\u00fcdische Geschichte des Heimatorts oder erforschen Schicksale ehemaliger j\u00fcdischer Mitsch\u00fcler bzw. Mitb\u00fcrger. Allen Projekten gemein ist die im Laufe der Arbeit wachsende Empathie der Sch\u00fcler [&hellip;]<\/p>\n","protected":false},"author":2,"featured_media":0,"parent":0,"menu_order":0,"comment_status":"closed","ping_status":"closed","template":"","meta":{"footnotes":""},"class_list":["post-286","page","type-page","status-publish","hentry"],"_links":{"self":[{"href":"https:\/\/juedischekulturmuenchen.de\/index.php?rest_route=\/wp\/v2\/pages\/286","targetHints":{"allow":["GET"]}}],"collection":[{"href":"https:\/\/juedischekulturmuenchen.de\/index.php?rest_route=\/wp\/v2\/pages"}],"about":[{"href":"https:\/\/juedischekulturmuenchen.de\/index.php?rest_route=\/wp\/v2\/types\/page"}],"author":[{"embeddable":true,"href":"https:\/\/juedischekulturmuenchen.de\/index.php?rest_route=\/wp\/v2\/users\/2"}],"replies":[{"embeddable":true,"href":"https:\/\/juedischekulturmuenchen.de\/index.php?rest_route=%2Fwp%2Fv2%2Fcomments&post=286"}],"version-history":[{"count":16,"href":"https:\/\/juedischekulturmuenchen.de\/index.php?rest_route=\/wp\/v2\/pages\/286\/revisions"}],"predecessor-version":[{"id":2213,"href":"https:\/\/juedischekulturmuenchen.de\/index.php?rest_route=\/wp\/v2\/pages\/286\/revisions\/2213"}],"wp:attachment":[{"href":"https:\/\/juedischekulturmuenchen.de\/index.php?rest_route=%2Fwp%2Fv2%2Fmedia&parent=286"}],"curies":[{"name":"wp","href":"https:\/\/api.w.org\/{rel}","templated":true}]}}