{"id":151,"date":"2013-12-04T11:11:35","date_gmt":"2013-12-04T10:11:35","guid":{"rendered":"https:\/\/jkm.webkonzeption.info\/?page_id=151"},"modified":"2017-03-30T11:36:08","modified_gmt":"2017-03-30T09:36:08","slug":"juedische-filmtage-muenchen","status":"publish","type":"page","link":"https:\/\/juedischekulturmuenchen.de\/?page_id=151","title":{"rendered":"J\u00fcdische Filmtage M\u00fcnchen"},"content":{"rendered":"<p>Ankn\u00fcpfend an die Filmreihen \u201eMade in Israel\u201c und \u201eIsrael Close up\u201c, die die Gesellschaft zur F\u00f6rderung j\u00fcdischer Kultur und Tradition e.V. in den Jahren 2003 bis 2005 dem M\u00fcnchner Publikum vorstellte, werden im Rahmen der J\u00fcdischen Filmtage regelm\u00e4\u00dfig israelische und  europ\u00e4ische Filmproduktionen vorgestellt.<\/p>\n<p>Aus einem reichhaltigen Angebot neuer Spiel- und Dokumentarfilme werden die interessantesten Beitr\u00e4ge j\u00fcdischer Filmemacher ausgew\u00e4hlt, die in der Mehrzahl in M\u00fcnchen zum ersten Mal gezeigt werden.<\/p>\n<p>Seit 2012 finden die J\u00fcdischen Filmtage M\u00fcnchen  im Kulturzentrum Gasteig statt, der sich als Erste Adresse f\u00fcr hochkar\u00e4tige Film-Events in M\u00fcnchen etabliert hat (M\u00fcnchner Filmfest, Dokumentarfilmfestival etc.).<\/p>\n<p><strong>Archiv<\/strong><br \/>\n<a href=\"https:\/\/juedischekulturmuenchen.de\/?p=1799\">J\u00fcdische Filmtage M\u00fcnchen 2017<\/a><br \/>\n<a href=\"https:\/\/juedischekulturmuenchen.de\/?p=1156\">J\u00fcdische Filmtage M\u00fcnchen 2015<\/a><br \/>\n<a href=\"https:\/\/juedischekulturmuenchen.de\/?p=242\" title=\"4. J\u00fcdische Filmtage M\u00fcnchen\">J\u00fcdische Filmtage M\u00fcnchen 2013<\/a><br \/>\n<a href=\"https:\/\/juedischekulturmuenchen.de\/?p=349\" title=\"3. J\u00fcdische Filmtage M\u00fcnchen\">J\u00fcdische Filmtage M\u00fcnchen 2012<\/a><br \/>\n<a href=\"https:\/\/juedischekulturmuenchen.de\/?p=373\" title=\"J\u00fcdische Filmtage M\u00fcnchen 2010\">J\u00fcdische Filmtage M\u00fcnchen 2010<\/a><br \/>\n<a href=\"https:\/\/juedischekulturmuenchen.de\/?p=374\" title=\"J\u00fcdische Filmtage M\u00fcnchen 2008\">J\u00fcdische Filmtage M\u00fcnchen 2008<\/a><br \/>\n<a href=\"https:\/\/juedischekulturmuenchen.de\/?p=376\" title=\"Filme aus Israel in M\u00fcnchen 2004\">Filme aus Israel in M\u00fcnchen 2004<\/a><\/p>\n","protected":false},"excerpt":{"rendered":"<p>Ankn\u00fcpfend an die Filmreihen \u201eMade in Israel\u201c und \u201eIsrael Close up\u201c, die die Gesellschaft zur F\u00f6rderung j\u00fcdischer Kultur und Tradition e.V. in den Jahren 2003 bis 2005 dem M\u00fcnchner Publikum vorstellte, werden im Rahmen der J\u00fcdischen Filmtage regelm\u00e4\u00dfig israelische und europ\u00e4ische Filmproduktionen vorgestellt. Aus einem reichhaltigen Angebot neuer Spiel- und Dokumentarfilme werden die interessantesten Beitr\u00e4ge [&hellip;]<\/p>\n","protected":false},"author":2,"featured_media":789,"parent":0,"menu_order":0,"comment_status":"closed","ping_status":"closed","template":"","meta":{"footnotes":""},"class_list":["post-151","page","type-page","status-publish","has-post-thumbnail","hentry"],"_links":{"self":[{"href":"https:\/\/juedischekulturmuenchen.de\/index.php?rest_route=\/wp\/v2\/pages\/151","targetHints":{"allow":["GET"]}}],"collection":[{"href":"https:\/\/juedischekulturmuenchen.de\/index.php?rest_route=\/wp\/v2\/pages"}],"about":[{"href":"https:\/\/juedischekulturmuenchen.de\/index.php?rest_route=\/wp\/v2\/types\/page"}],"author":[{"embeddable":true,"href":"https:\/\/juedischekulturmuenchen.de\/index.php?rest_route=\/wp\/v2\/users\/2"}],"replies":[{"embeddable":true,"href":"https:\/\/juedischekulturmuenchen.de\/index.php?rest_route=%2Fwp%2Fv2%2Fcomments&post=151"}],"version-history":[{"count":13,"href":"https:\/\/juedischekulturmuenchen.de\/index.php?rest_route=\/wp\/v2\/pages\/151\/revisions"}],"predecessor-version":[{"id":1973,"href":"https:\/\/juedischekulturmuenchen.de\/index.php?rest_route=\/wp\/v2\/pages\/151\/revisions\/1973"}],"wp:featuredmedia":[{"embeddable":true,"href":"https:\/\/juedischekulturmuenchen.de\/index.php?rest_route=\/wp\/v2\/media\/789"}],"wp:attachment":[{"href":"https:\/\/juedischekulturmuenchen.de\/index.php?rest_route=%2Fwp%2Fv2%2Fmedia&parent=151"}],"curies":[{"name":"wp","href":"https:\/\/api.w.org\/{rel}","templated":true}]}}