{"id":148,"date":"2013-12-04T11:10:45","date_gmt":"2013-12-04T10:10:45","guid":{"rendered":"https:\/\/jkm.webkonzeption.info\/?page_id=148"},"modified":"2021-11-09T23:40:10","modified_gmt":"2021-11-09T22:40:10","slug":"juedische-kulturtage-muenchen","status":"publish","type":"page","link":"https:\/\/juedischekulturmuenchen.de\/?page_id=148","title":{"rendered":"J\u00fcdische Kulturtage M\u00fcnchen"},"content":{"rendered":"<p>Die Gesellschaft zur F\u00f6rderung j\u00fcdischer Kultur und Tradition e.V. hat es sich zur Aufgabe gemacht, die facettenreiche j\u00fcdische Kultur und Geschichte der Bev\u00f6lkerung n\u00e4her zu bringen. In den fr\u00fchen 80er Jahren, als j\u00fcdische Gemeinden nach dem Schrecken des Holocaust immer noch in selbst gew\u00e4hlten Ghettos lebten, leistete die Gesellschaft zur F\u00f6rderung j\u00fcdischer Kultur und Tradition e. V. Pionierarbeit und stellte erstmalig nach der Schoah wieder j\u00fcdische Musik, wie osteurop\u00e4ische Klezmermusik, sefardisches Liedgut, synagogale Musik und jiddischsprachiges Theater der damals auf diesem Gebiet uninformierten breiten \u00d6ffentlichkeit vor.<\/p>\n<p>Seit 1987 organisiert die Gesellschaft zur F\u00f6rderung j\u00fcdischer Kultur und Tradition e.V. allj\u00e4hrlich J\u00fcdische Kulturtage in M\u00fcnchen, gr\u00f6\u00dftenteils im Gasteig, aber auch an anderen Veranstaltungsorten. \u00dcber die Jahre wurden die J\u00fcdischen Kulturtage ein nicht mehr wegzudenkender Bestandteil der winterlichen Kulturszene M\u00fcnchens, ungeduldig erwartet von ihrem Publikum.<\/p>\n<p><strong>Archiv<\/strong><\/p>\n<p><a href=\"https:\/\/juedischekulturmuenchen.de\/?p=2246\">34. J\u00fcdische Kulturtage M\u00fcnchen 2020<\/a><br \/>\n<a href=\"https:\/\/juedischekulturmuenchen.de\/?p=2227\">33. J\u00fcdische Kulturtage M\u00fcnchen 2019<\/a><br \/>\n<a href=\"https:\/\/juedischekulturmuenchen.de\/?p=2194\">32. J\u00fcdische Kulturtage M\u00fcnchen 2018<\/a><br \/>\n<a href=\"https:\/\/juedischekulturmuenchen.de\/?p=1994\">31. J\u00fcdische Kulturtage M\u00fcnchen 2017<\/a><br \/>\n<a href=\"https:\/\/juedischekulturmuenchen.de\/?p=1644\">30. J\u00fcdische Kulturtage M\u00fcnchen 2016<\/a><br \/>\n<a href=\"https:\/\/juedischekulturmuenchen.de\/?p=1359\">29. J\u00fcdische Kulturtage M\u00fcnchen 2015<\/a><br \/>\n<a title=\"28. J\u00fcdische Kulturtage M\u00fcnchen\" href=\"https:\/\/juedischekulturmuenchen.de\/?p=875\">28. J\u00fcdische Kulturtage M\u00fcnchen 2014<\/a><br \/>\n<a title=\"27. J\u00fcdische Kulturtage M\u00fcnchen\" href=\"https:\/\/juedischekulturmuenchen.de\/?p=1\">27. J\u00fcdische Kulturtage M\u00fcnchen 2013<\/a><br \/>\n<a title=\"26. J\u00fcdische Kulturtage M\u00fcnchen 2012\" href=\"https:\/\/juedischekulturmuenchen.de\/?p=393\">26. J\u00fcdische Kulturtage M\u00fcnchen 2012<\/a><br \/>\n<a title=\"25. J\u00fcdische Kulturtage M\u00fcnchen 2011\" href=\"https:\/\/juedischekulturmuenchen.de\/?p=395\">25. J\u00fcdische Kulturtage M\u00fcnchen 2011<\/a><br \/>\n<a title=\"24. J\u00fcdische Kulturtage M\u00fcnchen 2010\" href=\"https:\/\/juedischekulturmuenchen.de\/?p=397\">24. J\u00fcdische Kulturtage M\u00fcnchen 2010<\/a><br \/>\n<a title=\"23. J\u00fcdische Kulturtage M\u00fcnchen\" href=\"https:\/\/juedischekulturmuenchen.de\/?p=116\">23. J\u00fcdische Kulturtage M\u00fcnchen 2009<\/a><br \/>\n<a title=\"22. J\u00fcdische Kulturtage M\u00fcnchen\" href=\"https:\/\/juedischekulturmuenchen.de\/?p=111\">22. J\u00fcdische Kulturtage M\u00fcnchen 2008<\/a><br \/>\n<a title=\"21. J\u00fcdische Kulturtage M\u00fcnchen\" href=\"https:\/\/juedischekulturmuenchen.de\/?p=107\">21. J\u00fcdische Kulturtage M\u00fcnchen 2007<\/a><br \/>\n<a title=\"20. J\u00fcdische Kulturtage M\u00fcnchen\" href=\"https:\/\/juedischekulturmuenchen.de\/?p=101\">20. J\u00fcdische Kulturtage M\u00fcnchen 2006<\/a><br \/>\n<a title=\"19. J\u00fcdische Kulturtage M\u00fcnchen\" href=\"https:\/\/juedischekulturmuenchen.de\/?p=99\">19. J\u00fcdische Kulturtage M\u00fcnchen 2005<\/a><br \/>\n<a title=\"18. J\u00fcdische Kulturtage M\u00fcnchen\" href=\"https:\/\/juedischekulturmuenchen.de\/?p=97\">18. J\u00fcdische Kulturtage M\u00fcnchen 2004<\/a><br \/>\n<a title=\"17. J\u00fcdische Kulturtage M\u00fcnchen\" href=\"https:\/\/juedischekulturmuenchen.de\/?p=92\">17. J\u00fcdische Kulturtage M\u00fcnchen 2003<\/a><\/p>\n","protected":false},"excerpt":{"rendered":"<p>Die Gesellschaft zur F\u00f6rderung j\u00fcdischer Kultur und Tradition e.V. hat es sich zur Aufgabe gemacht, die facettenreiche j\u00fcdische Kultur und Geschichte der Bev\u00f6lkerung n\u00e4her zu bringen. In den fr\u00fchen 80er Jahren, als j\u00fcdische Gemeinden nach dem Schrecken des Holocaust immer noch in selbst gew\u00e4hlten Ghettos lebten, leistete die Gesellschaft zur F\u00f6rderung j\u00fcdischer Kultur und Tradition [&hellip;]<\/p>\n","protected":false},"author":2,"featured_media":788,"parent":0,"menu_order":0,"comment_status":"closed","ping_status":"closed","template":"","meta":{"footnotes":""},"class_list":["post-148","page","type-page","status-publish","has-post-thumbnail","hentry"],"_links":{"self":[{"href":"https:\/\/juedischekulturmuenchen.de\/index.php?rest_route=\/wp\/v2\/pages\/148","targetHints":{"allow":["GET"]}}],"collection":[{"href":"https:\/\/juedischekulturmuenchen.de\/index.php?rest_route=\/wp\/v2\/pages"}],"about":[{"href":"https:\/\/juedischekulturmuenchen.de\/index.php?rest_route=\/wp\/v2\/types\/page"}],"author":[{"embeddable":true,"href":"https:\/\/juedischekulturmuenchen.de\/index.php?rest_route=\/wp\/v2\/users\/2"}],"replies":[{"embeddable":true,"href":"https:\/\/juedischekulturmuenchen.de\/index.php?rest_route=%2Fwp%2Fv2%2Fcomments&post=148"}],"version-history":[{"count":13,"href":"https:\/\/juedischekulturmuenchen.de\/index.php?rest_route=\/wp\/v2\/pages\/148\/revisions"}],"predecessor-version":[{"id":2282,"href":"https:\/\/juedischekulturmuenchen.de\/index.php?rest_route=\/wp\/v2\/pages\/148\/revisions\/2282"}],"wp:featuredmedia":[{"embeddable":true,"href":"https:\/\/juedischekulturmuenchen.de\/index.php?rest_route=\/wp\/v2\/media\/788"}],"wp:attachment":[{"href":"https:\/\/juedischekulturmuenchen.de\/index.php?rest_route=%2Fwp%2Fv2%2Fmedia&parent=148"}],"curies":[{"name":"wp","href":"https:\/\/api.w.org\/{rel}","templated":true}]}}